{"id":11427,"date":"2021-11-04T11:30:40","date_gmt":"2021-11-04T10:30:40","guid":{"rendered":"https:\/\/hotelderblauereiter.de\/?page_id=11427"},"modified":"2021-11-04T11:58:57","modified_gmt":"2021-11-04T10:58:57","slug":"trueffelmenue-galerie","status":"publish","type":"page","link":"https:\/\/hotelderblauereiter.de\/en\/trueffelmenue-galerie\/","title":{"rendered":"Tr\u00fcffelmen\u00fc Galerie"},"content":{"rendered":"<div data-elementor-type=\"wp-page\" data-elementor-id=\"11427\" class=\"elementor elementor-11427\" data-elementor-post-type=\"page\">\n\t\t\t\t\t\t<div class=\"elementor-section elementor-top-section elementor-element elementor-element-2105a3b elementor-section-full_width elementor-section-height-min-height elementor-section-content-middle background elementor-section-height-default elementor-section-items-middle\" data-id=\"2105a3b\" data-element_type=\"section\" id=\"top-background\" data-settings=\"{&quot;background_background&quot;:&quot;classic&quot;}\">\n\t\t\t\t\t\t<div class=\"elementor-container elementor-column-gap-default\">\n\t\t\t\t\t<div class=\"elementor-column elementor-col-100 elementor-top-column elementor-element elementor-element-b9497b8\" data-id=\"b9497b8\" data-element_type=\"column\">\n\t\t\t<div class=\"elementor-widget-wrap elementor-element-populated\">\n\t\t\t\t\t\t<div class=\"elementor-element elementor-element-0b50196 front-titel elementor-widget elementor-widget-text-editor\" data-id=\"0b50196\" data-element_type=\"widget\" data-widget_type=\"text-editor.default\">\n\t\t\t\t<div class=\"elementor-widget-container\">\n\t\t\t\t\t\t\t\t\t<h1>TR\u00dcFFELMEN\u00dc<br \/>GALLERY<\/h1>\t\t\t\t\t\t\t\t<\/div>\n\t\t\t\t<\/div>\n\t\t\t\t\t<\/div>\n\t\t<\/div>\n\t\t\t\t\t<\/div>\n\t\t<\/div>\n\t\t\t\t<section class=\"elementor-section elementor-top-section elementor-element elementor-element-57c8625 elementor-section-full_width elementor-section-content-middle text-box min-height-200 elementor-section-height-default elementor-section-height-default\" data-id=\"57c8625\" data-element_type=\"section\" data-settings=\"{&quot;background_background&quot;:&quot;classic&quot;}\">\n\t\t\t\t\t\t<div class=\"elementor-container elementor-column-gap-default\">\n\t\t\t\t\t<div class=\"elementor-column elementor-col-100 elementor-top-column elementor-element elementor-element-909264c\" data-id=\"909264c\" data-element_type=\"column\" data-settings=\"{&quot;background_background&quot;:&quot;classic&quot;}\">\n\t\t\t<div class=\"elementor-widget-wrap elementor-element-populated\">\n\t\t\t\t\t\t<div class=\"elementor-element elementor-element-ef50cd1 text-box-h5 elementor-widget elementor-widget-heading\" data-id=\"ef50cd1\" data-element_type=\"widget\" data-widget_type=\"heading.default\">\n\t\t\t\t<div class=\"elementor-widget-container\">\n\t\t\t\t\t<h5 class=\"elementor-heading-title elementor-size-default\">Wir bedanken uns bei allen G\u00e4sten f\u00fcr ein wundersch\u00f6nes Event und freuen uns, dass wir mit Ihnen das Tr\u00fcffelmen\u00fc mit Boris Bigg\u00f6r genie\u00dfen durften. Hier haben wir ein paar Eindr\u00fccke f\u00fcr Sie zusammengestellt.<\/h5>\t\t\t\t<\/div>\n\t\t\t\t<\/div>\n\t\t\t\t\t<\/div>\n\t\t<\/div>\n\t\t\t\t\t<\/div>\n\t\t<\/section>\n\t\t\t\t<section class=\"elementor-section elementor-top-section elementor-element elementor-element-00ebc8e elementor-section-full_width elementor-section-height-default elementor-section-height-default\" data-id=\"00ebc8e\" data-element_type=\"section\">\n\t\t\t\t\t\t<div class=\"elementor-container elementor-column-gap-default\">\n\t\t\t\t\t<div class=\"elementor-column elementor-col-100 elementor-top-column elementor-element elementor-element-8d1d94a\" data-id=\"8d1d94a\" data-element_type=\"column\">\n\t\t\t<div class=\"elementor-widget-wrap elementor-element-populated\">\n\t\t\t\t\t\t<div class=\"elementor-element elementor-element-fb71b4e elementor-arrows-position-outside custom-image-slider elementor-widget elementor-widget-image-carousel\" data-id=\"fb71b4e\" data-element_type=\"widget\" data-settings=\"{&quot;slides_to_show&quot;:&quot;4&quot;,&quot;navigation&quot;:&quot;arrows&quot;,&quot;image_spacing_custom&quot;:{&quot;unit&quot;:&quot;px&quot;,&quot;size&quot;:0,&quot;sizes&quot;:[]},&quot;autoplay_speed&quot;:4000,&quot;autoplay&quot;:&quot;yes&quot;,&quot;pause_on_hover&quot;:&quot;yes&quot;,&quot;pause_on_interaction&quot;:&quot;yes&quot;,&quot;infinite&quot;:&quot;yes&quot;,&quot;speed&quot;:500,&quot;image_spacing_custom_tablet&quot;:{&quot;unit&quot;:&quot;px&quot;,&quot;size&quot;:&quot;&quot;,&quot;sizes&quot;:[]},&quot;image_spacing_custom_mobile&quot;:{&quot;unit&quot;:&quot;px&quot;,&quot;size&quot;:&quot;&quot;,&quot;sizes&quot;:[]}}\" data-widget_type=\"image-carousel.default\">\n\t\t\t\t<div class=\"elementor-widget-container\">\n\t\t\t\t\t\t\t<div class=\"elementor-image-carousel-wrapper swiper\" role=\"region\" aria-roledescription=\"carousel\" aria-label=\"Bild Karussell\" dir=\"ltr\">\n\t\t\t<div class=\"elementor-image-carousel swiper-wrapper swiper-image-stretch\" aria-live=\"off\">\n\t\t\t\t\t\t\t\t<div class=\"swiper-slide\" role=\"group\" aria-roledescription=\"slide\" aria-label=\"1 von 6\"><a data-elementor-open-lightbox=\"yes\" data-elementor-lightbox-slideshow=\"fb71b4e\" data-elementor-lightbox-title=\"image000071635864799834-01\" data-e-action-hash=\"#elementor-action%3Aaction%3Dlightbox%26settings%3DeyJpZCI6MTE0NDMsInVybCI6Imh0dHBzOlwvXC9ob3RlbGRlcmJsYXVlcmVpdGVyLmRlXC93cC1jb250ZW50XC91cGxvYWRzXC8yMDIxXC8xMVwvaW1hZ2UwMDAwNzE2MzU4NjQ3OTk4MzQtMDEuanBlZyIsInNsaWRlc2hvdyI6ImZiNzFiNGUifQ%3D%3D\" href=\"https:\/\/hotelderblauereiter.de\/wp-content\/uploads\/2021\/11\/image000071635864799834-01.jpeg\"><figure class=\"swiper-slide-inner\"><img decoding=\"async\" class=\"swiper-slide-image\" src=\"https:\/\/hotelderblauereiter.de\/wp-content\/uploads\/elementor\/thumbs\/image000071635864799834-01-pfkd2hnu27kgf6cp73f1zgshdcj5ibo59gzm3f18q8.jpeg\" alt=\"image000071635864799834-01\" \/><\/figure><\/a><\/div><div class=\"swiper-slide\" role=\"group\" aria-roledescription=\"slide\" aria-label=\"2 von 6\"><a data-elementor-open-lightbox=\"yes\" data-elementor-lightbox-slideshow=\"fb71b4e\" data-elementor-lightbox-title=\"image000371635864799838-01\" data-e-action-hash=\"#elementor-action%3Aaction%3Dlightbox%26settings%3DeyJpZCI6MTE0NDQsInVybCI6Imh0dHBzOlwvXC9ob3RlbGRlcmJsYXVlcmVpdGVyLmRlXC93cC1jb250ZW50XC91cGxvYWRzXC8yMDIxXC8xMVwvaW1hZ2UwMDAzNzE2MzU4NjQ3OTk4MzgtMDEuanBlZyIsInNsaWRlc2hvdyI6ImZiNzFiNGUifQ%3D%3D\" href=\"https:\/\/hotelderblauereiter.de\/wp-content\/uploads\/2021\/11\/image000371635864799838-01.jpeg\"><figure class=\"swiper-slide-inner\"><img decoding=\"async\" class=\"swiper-slide-image\" src=\"https:\/\/hotelderblauereiter.de\/wp-content\/uploads\/elementor\/thumbs\/image000371635864799838-01-pfkd2md10dqw185vfng6txlsc9vzkt6sy491hsu9v4.jpeg\" alt=\"image000371635864799838-01\" \/><\/figure><\/a><\/div><div class=\"swiper-slide\" role=\"group\" aria-roledescription=\"slide\" aria-label=\"3 von 6\"><a data-elementor-open-lightbox=\"yes\" data-elementor-lightbox-slideshow=\"fb71b4e\" data-elementor-lightbox-title=\"image000481635864799840-01\" data-e-action-hash=\"#elementor-action%3Aaction%3Dlightbox%26settings%3DeyJpZCI6MTE0NDUsInVybCI6Imh0dHBzOlwvXC9ob3RlbGRlcmJsYXVlcmVpdGVyLmRlXC93cC1jb250ZW50XC91cGxvYWRzXC8yMDIxXC8xMVwvaW1hZ2UwMDA0ODE2MzU4NjQ3OTk4NDAtMDEuanBlZyIsInNsaWRlc2hvdyI6ImZiNzFiNGUifQ%3D%3D\" href=\"https:\/\/hotelderblauereiter.de\/wp-content\/uploads\/2021\/11\/image000481635864799840-01.jpeg\"><figure class=\"swiper-slide-inner\"><img decoding=\"async\" class=\"swiper-slide-image\" src=\"https:\/\/hotelderblauereiter.de\/wp-content\/uploads\/elementor\/thumbs\/image000481635864799840-01-pfkd2o8pe1tgog354o9fyx4pj1mq07e9mdk0gcrhio.jpeg\" alt=\"image000481635864799840-01\" \/><\/figure><\/a><\/div><div class=\"swiper-slide\" role=\"group\" aria-roledescription=\"slide\" aria-label=\"4 von 6\"><a data-elementor-open-lightbox=\"yes\" data-elementor-lightbox-slideshow=\"fb71b4e\" data-elementor-lightbox-title=\"image000571635864799841-01\" data-e-action-hash=\"#elementor-action%3Aaction%3Dlightbox%26settings%3DeyJpZCI6MTE0NDYsInVybCI6Imh0dHBzOlwvXC9ob3RlbGRlcmJsYXVlcmVpdGVyLmRlXC93cC1jb250ZW50XC91cGxvYWRzXC8yMDIxXC8xMVwvaW1hZ2UwMDA1NzE2MzU4NjQ3OTk4NDEtMDEuanBlZyIsInNsaWRlc2hvdyI6ImZiNzFiNGUifQ%3D%3D\" href=\"https:\/\/hotelderblauereiter.de\/wp-content\/uploads\/2021\/11\/image000571635864799841-01.jpeg\"><figure class=\"swiper-slide-inner\"><img decoding=\"async\" class=\"swiper-slide-image\" src=\"https:\/\/hotelderblauereiter.de\/wp-content\/uploads\/elementor\/thumbs\/image000571635864799841-01-pfkd2s025dylyvxoipvy8w6jwl46uzt6yw5ydglwts.jpeg\" alt=\"image000571635864799841-01\" \/><\/figure><\/a><\/div><div class=\"swiper-slide\" role=\"group\" aria-roledescription=\"slide\" aria-label=\"5 von 6\"><a data-elementor-open-lightbox=\"yes\" data-elementor-lightbox-slideshow=\"fb71b4e\" data-elementor-lightbox-title=\"image001761635864799857-01\" data-e-action-hash=\"#elementor-action%3Aaction%3Dlightbox%26settings%3DeyJpZCI6MTE0NDcsInVybCI6Imh0dHBzOlwvXC9ob3RlbGRlcmJsYXVlcmVpdGVyLmRlXC93cC1jb250ZW50XC91cGxvYWRzXC8yMDIxXC8xMVwvaW1hZ2UwMDE3NjE2MzU4NjQ3OTk4NTctMDEuanBlZyIsInNsaWRlc2hvdyI6ImZiNzFiNGUifQ%3D%3D\" href=\"https:\/\/hotelderblauereiter.de\/wp-content\/uploads\/2021\/11\/image001761635864799857-01.jpeg\"><figure class=\"swiper-slide-inner\"><img decoding=\"async\" class=\"swiper-slide-image\" src=\"https:\/\/hotelderblauereiter.de\/wp-content\/uploads\/elementor\/thumbs\/image001761635864799857-01-pfkd2utkpw2gxptl293tydgxoqqai34dza4etahqb4.jpeg\" alt=\"image001761635864799857-01\" \/><\/figure><\/a><\/div><div class=\"swiper-slide\" role=\"group\" aria-roledescription=\"slide\" aria-label=\"6 von 6\"><a data-elementor-open-lightbox=\"yes\" data-elementor-lightbox-slideshow=\"fb71b4e\" data-elementor-lightbox-title=\"IMG-20211030-WA0022-01\" data-e-action-hash=\"#elementor-action%3Aaction%3Dlightbox%26settings%3DeyJpZCI6MTE0NDgsInVybCI6Imh0dHBzOlwvXC9ob3RlbGRlcmJsYXVlcmVpdGVyLmRlXC93cC1jb250ZW50XC91cGxvYWRzXC8yMDIxXC8xMVwvSU1HLTIwMjExMDMwLVdBMDAyMi0wMS5qcGVnIiwic2xpZGVzaG93IjoiZmI3MWI0ZSJ9\" href=\"https:\/\/hotelderblauereiter.de\/wp-content\/uploads\/2021\/11\/IMG-20211030-WA0022-01.jpeg\"><figure class=\"swiper-slide-inner\"><img decoding=\"async\" class=\"swiper-slide-image\" src=\"https:\/\/hotelderblauereiter.de\/wp-content\/uploads\/elementor\/thumbs\/IMG-20211030-WA0022-01-pfkd2xn3ae6bwjphlsbpnurbgwce56fkzo2v94djsg.jpeg\" alt=\"IMG-20211030-WA0022-01\" \/><\/figure><\/a><\/div>\t\t\t<\/div>\n\t\t\t\t\t\t\t\t\t\t\t\t<div class=\"elementor-swiper-button elementor-swiper-button-prev\" role=\"button\" tabindex=\"0\">\n\t\t\t\t\t\t<i aria-hidden=\"true\" class=\"eicon-chevron-left\"><\/i>\t\t\t\t\t<\/div>\n\t\t\t\t\t<div class=\"elementor-swiper-button elementor-swiper-button-next\" role=\"button\" tabindex=\"0\">\n\t\t\t\t\t\t<i aria-hidden=\"true\" class=\"eicon-chevron-right\"><\/i>\t\t\t\t\t<\/div>\n\t\t\t\t\n\t\t\t\t\t\t\t\t\t<\/div>\n\t\t\t\t\t\t<\/div>\n\t\t\t\t<\/div>\n\t\t\t\t\t<\/div>\n\t\t<\/div>\n\t\t\t\t\t<\/div>\n\t\t<\/section>\n\t\t\t\t<\/div>","protected":false},"excerpt":{"rendered":"<p>TR\u00dcFFELMEN\u00dcGALERIE Wir bedanken uns bei allen G\u00e4sten f\u00fcr ein wundersch\u00f6nes Event und freuen uns, dass wir mit Ihnen das Tr\u00fcffelmen\u00fc mit Boris Bigg\u00f6r genie\u00dfen durften. Hier haben wir ein paar Eindr\u00fccke f\u00fcr Sie zusammengestellt. Zur\u00fcck Weiter<\/p>","protected":false},"author":16,"featured_media":0,"parent":0,"menu_order":0,"comment_status":"closed","ping_status":"closed","template":"","meta":{"_seopress_robots_primary_cat":"","_seopress_titles_title":"","_seopress_titles_desc":"","_seopress_robots_index":"","site-sidebar-layout":"no-sidebar","site-content-layout":"page-builder","ast-site-content-layout":"default","site-content-style":"default","site-sidebar-style":"default","ast-global-header-display":"","ast-banner-title-visibility":"","ast-main-header-display":"","ast-hfb-above-header-display":"","ast-hfb-below-header-display":"","ast-hfb-mobile-header-display":"","site-post-title":"disabled","ast-breadcrumbs-content":"","ast-featured-img":"disabled","footer-sml-layout":"","ast-disable-related-posts":"","theme-transparent-header-meta":"default","adv-header-id-meta":"","stick-header-meta":"","header-above-stick-meta":"","header-main-stick-meta":"","header-below-stick-meta":"","astra-migrate-meta-layouts":"default","ast-page-background-enabled":"default","ast-page-background-meta":{"desktop":{"background-color":"","background-image":"","background-repeat":"repeat","background-position":"center center","background-size":"auto","background-attachment":"scroll","background-type":"","background-media":"","overlay-type":"","overlay-color":"","overlay-opacity":"","overlay-gradient":""},"tablet":{"background-color":"","background-image":"","background-repeat":"repeat","background-position":"center center","background-size":"auto","background-attachment":"scroll","background-type":"","background-media":"","overlay-type":"","overlay-color":"","overlay-opacity":"","overlay-gradient":""},"mobile":{"background-color":"","background-image":"","background-repeat":"repeat","background-position":"center center","background-size":"auto","background-attachment":"scroll","background-type":"","background-media":"","overlay-type":"","overlay-color":"","overlay-opacity":"","overlay-gradient":""}},"ast-content-background-meta":{"desktop":{"background-color":"var(--ast-global-color-5)","background-image":"","background-repeat":"repeat","background-position":"center center","background-size":"auto","background-attachment":"scroll","background-type":"","background-media":"","overlay-type":"","overlay-color":"","overlay-opacity":"","overlay-gradient":""},"tablet":{"background-color":"var(--ast-global-color-5)","background-image":"","background-repeat":"repeat","background-position":"center center","background-size":"auto","background-attachment":"scroll","background-type":"","background-media":"","overlay-type":"","overlay-color":"","overlay-opacity":"","overlay-gradient":""},"mobile":{"background-color":"var(--ast-global-color-5)","background-image":"","background-repeat":"repeat","background-position":"center center","background-size":"auto","background-attachment":"scroll","background-type":"","background-media":"","overlay-type":"","overlay-color":"","overlay-opacity":"","overlay-gradient":""}},"footnotes":""},"class_list":["post-11427","page","type-page","status-publish","hentry"],"jetpack_sharing_enabled":true,"_links":{"self":[{"href":"https:\/\/hotelderblauereiter.de\/en\/wp-json\/wp\/v2\/pages\/11427","targetHints":{"allow":["GET"]}}],"collection":[{"href":"https:\/\/hotelderblauereiter.de\/en\/wp-json\/wp\/v2\/pages"}],"about":[{"href":"https:\/\/hotelderblauereiter.de\/en\/wp-json\/wp\/v2\/types\/page"}],"author":[{"embeddable":true,"href":"https:\/\/hotelderblauereiter.de\/en\/wp-json\/wp\/v2\/users\/16"}],"replies":[{"embeddable":true,"href":"https:\/\/hotelderblauereiter.de\/en\/wp-json\/wp\/v2\/comments?post=11427"}],"version-history":[{"count":10,"href":"https:\/\/hotelderblauereiter.de\/en\/wp-json\/wp\/v2\/pages\/11427\/revisions"}],"predecessor-version":[{"id":11451,"href":"https:\/\/hotelderblauereiter.de\/en\/wp-json\/wp\/v2\/pages\/11427\/revisions\/11451"}],"wp:attachment":[{"href":"https:\/\/hotelderblauereiter.de\/en\/wp-json\/wp\/v2\/media?parent=11427"}],"curies":[{"name":"wp","href":"https:\/\/api.w.org\/{rel}","templated":true}]}}