{"id":11495,"date":"2021-11-19T13:01:49","date_gmt":"2021-11-19T12:01:49","guid":{"rendered":"https:\/\/hotelderblauereiter.de\/?page_id=11495"},"modified":"2021-11-19T14:47:50","modified_gmt":"2021-11-19T13:47:50","slug":"sommerlounge-galerie","status":"publish","type":"page","link":"https:\/\/hotelderblauereiter.de\/en\/sommerlounge-galerie\/","title":{"rendered":"Sommerlounge Galerie"},"content":{"rendered":"<div data-elementor-type=\"wp-page\" data-elementor-id=\"11495\" class=\"elementor elementor-11495\" data-elementor-post-type=\"page\">\n\t\t\t\t\t\t<div class=\"elementor-section elementor-top-section elementor-element elementor-element-2105a3b elementor-section-full_width elementor-section-height-min-height elementor-section-content-middle background elementor-section-height-default elementor-section-items-middle\" data-id=\"2105a3b\" data-element_type=\"section\" id=\"top-background\" data-settings=\"{&quot;background_background&quot;:&quot;classic&quot;}\">\n\t\t\t\t\t\t<div class=\"elementor-container elementor-column-gap-default\">\n\t\t\t\t\t<div class=\"elementor-column elementor-col-100 elementor-top-column elementor-element elementor-element-b9497b8\" data-id=\"b9497b8\" data-element_type=\"column\">\n\t\t\t<div class=\"elementor-widget-wrap elementor-element-populated\">\n\t\t\t\t\t\t<div class=\"elementor-element elementor-element-0b50196 front-titel elementor-widget elementor-widget-text-editor\" data-id=\"0b50196\" data-element_type=\"widget\" data-widget_type=\"text-editor.default\">\n\t\t\t\t<div class=\"elementor-widget-container\">\n\t\t\t\t\t\t\t\t\t<h1>SOMMERLOUNGE<br \/>GALLERY<\/h1>\t\t\t\t\t\t\t\t<\/div>\n\t\t\t\t<\/div>\n\t\t\t\t\t<\/div>\n\t\t<\/div>\n\t\t\t\t\t<\/div>\n\t\t<\/div>\n\t\t\t\t<section class=\"elementor-section elementor-top-section elementor-element elementor-element-57c8625 elementor-section-full_width elementor-section-content-middle text-box min-height-200 elementor-section-height-default elementor-section-height-default\" data-id=\"57c8625\" data-element_type=\"section\" data-settings=\"{&quot;background_background&quot;:&quot;classic&quot;}\">\n\t\t\t\t\t\t<div class=\"elementor-container elementor-column-gap-default\">\n\t\t\t\t\t<div class=\"elementor-column elementor-col-100 elementor-top-column elementor-element elementor-element-909264c\" data-id=\"909264c\" data-element_type=\"column\" data-settings=\"{&quot;background_background&quot;:&quot;classic&quot;}\">\n\t\t\t<div class=\"elementor-widget-wrap elementor-element-populated\">\n\t\t\t\t\t\t<div class=\"elementor-element elementor-element-ef50cd1 text-box-h5 elementor-widget elementor-widget-heading\" data-id=\"ef50cd1\" data-element_type=\"widget\" data-widget_type=\"heading.default\">\n\t\t\t\t<div class=\"elementor-widget-container\">\n\t\t\t\t\t<h5 class=\"elementor-heading-title elementor-size-default\">Hier haben wir ein paar Eindr\u00fccke f\u00fcr Sie zusammengestellt.<\/h5>\t\t\t\t<\/div>\n\t\t\t\t<\/div>\n\t\t\t\t\t<\/div>\n\t\t<\/div>\n\t\t\t\t\t<\/div>\n\t\t<\/section>\n\t\t\t\t<section class=\"elementor-section elementor-top-section elementor-element elementor-element-00ebc8e elementor-section-full_width elementor-section-height-default elementor-section-height-default\" data-id=\"00ebc8e\" data-element_type=\"section\">\n\t\t\t\t\t\t<div class=\"elementor-container elementor-column-gap-default\">\n\t\t\t\t\t<div class=\"elementor-column elementor-col-100 elementor-top-column elementor-element elementor-element-8d1d94a\" data-id=\"8d1d94a\" data-element_type=\"column\">\n\t\t\t<div class=\"elementor-widget-wrap elementor-element-populated\">\n\t\t\t\t\t\t<div class=\"elementor-element elementor-element-fb71b4e elementor-arrows-position-outside custom-image-slider elementor-widget elementor-widget-image-carousel\" data-id=\"fb71b4e\" data-element_type=\"widget\" data-settings=\"{&quot;slides_to_show&quot;:&quot;4&quot;,&quot;navigation&quot;:&quot;arrows&quot;,&quot;image_spacing_custom&quot;:{&quot;unit&quot;:&quot;px&quot;,&quot;size&quot;:0,&quot;sizes&quot;:[]},&quot;autoplay_speed&quot;:4000,&quot;autoplay&quot;:&quot;yes&quot;,&quot;pause_on_hover&quot;:&quot;yes&quot;,&quot;pause_on_interaction&quot;:&quot;yes&quot;,&quot;infinite&quot;:&quot;yes&quot;,&quot;speed&quot;:500,&quot;image_spacing_custom_tablet&quot;:{&quot;unit&quot;:&quot;px&quot;,&quot;size&quot;:&quot;&quot;,&quot;sizes&quot;:[]},&quot;image_spacing_custom_mobile&quot;:{&quot;unit&quot;:&quot;px&quot;,&quot;size&quot;:&quot;&quot;,&quot;sizes&quot;:[]}}\" data-widget_type=\"image-carousel.default\">\n\t\t\t\t<div class=\"elementor-widget-container\">\n\t\t\t\t\t\t\t<div class=\"elementor-image-carousel-wrapper swiper\" role=\"region\" aria-roledescription=\"carousel\" aria-label=\"Image Carousel\" dir=\"ltr\" data-no-translation-aria-label=\"\">\n\t\t\t<div class=\"elementor-image-carousel swiper-wrapper swiper-image-stretch\" aria-live=\"off\">\n\t\t\t\t\t\t\t\t<div class=\"swiper-slide\" role=\"group\" aria-roledescription=\"slide\" aria-label=\"1 of 12\" data-no-translation-aria-label=\"\"><a data-elementor-open-lightbox=\"yes\" data-elementor-lightbox-slideshow=\"fb71b4e\" data-elementor-lightbox-title=\"Hotel Der Blaue Reiter_Karlsruhe_76227_Sommerlounge (2)\" data-e-action-hash=\"#elementor-action%3Aaction%3Dlightbox%26settings%3DeyJpZCI6MTE1MDgsInVybCI6Imh0dHBzOlwvXC9ob3RlbGRlcmJsYXVlcmVpdGVyLmRlXC93cC1jb250ZW50XC91cGxvYWRzXC8yMDIxXC8xMVwvSG90ZWwtRGVyLUJsYXVlLVJlaXRlcl9LYXJsc3J1aGVfNzYyMjdfU29tbWVybG91bmdlLTIuanBnIiwic2xpZGVzaG93IjoiZmI3MWI0ZSJ9\" href=\"https:\/\/hotelderblauereiter.de\/wp-content\/uploads\/2021\/11\/Hotel-Der-Blaue-Reiter_Karlsruhe_76227_Sommerlounge-2.jpg\"><figure class=\"swiper-slide-inner\"><img decoding=\"async\" class=\"swiper-slide-image\" src=\"https:\/\/hotelderblauereiter.de\/wp-content\/uploads\/elementor\/thumbs\/Hotel-Der-Blaue-Reiter_Karlsruhe_76227_Sommerlounge-2-pgalbfm5yncesvpfa8c7oyrg0zn40sar6x3f4bcx2o.jpg\" alt=\"Hotel Der Blaue Reiter_Karlsruhe_76227_Sommerlounge (2)\" \/><\/figure><\/a><\/div><div class=\"swiper-slide\" role=\"group\" aria-roledescription=\"slide\" aria-label=\"2 of 12\" data-no-translation-aria-label=\"\"><a data-elementor-open-lightbox=\"yes\" data-elementor-lightbox-slideshow=\"fb71b4e\" data-elementor-lightbox-title=\"Hotel Der Blaue Reiter_Karlsruhe_76227_Sommerlounge (4)\" data-e-action-hash=\"#elementor-action%3Aaction%3Dlightbox%26settings%3DeyJpZCI6MTE1MDksInVybCI6Imh0dHBzOlwvXC9ob3RlbGRlcmJsYXVlcmVpdGVyLmRlXC93cC1jb250ZW50XC91cGxvYWRzXC8yMDIxXC8xMVwvSG90ZWwtRGVyLUJsYXVlLVJlaXRlcl9LYXJsc3J1aGVfNzYyMjdfU29tbWVybG91bmdlLTQuanBnIiwic2xpZGVzaG93IjoiZmI3MWI0ZSJ9\" href=\"https:\/\/hotelderblauereiter.de\/wp-content\/uploads\/2021\/11\/Hotel-Der-Blaue-Reiter_Karlsruhe_76227_Sommerlounge-4.jpg\"><figure class=\"swiper-slide-inner\"><img decoding=\"async\" class=\"swiper-slide-image\" src=\"https:\/\/hotelderblauereiter.de\/wp-content\/uploads\/elementor\/thumbs\/Hotel-Der-Blaue-Reiter_Karlsruhe_76227_Sommerlounge-4-pgalbifoj5g9rplbtrk3eg1tt597nvly7b1vk58qk0.jpg\" alt=\"Hotel Der Blaue Reiter_Karlsruhe_76227_Sommerlounge (4)\" \/><\/figure><\/a><\/div><div class=\"swiper-slide\" role=\"group\" aria-roledescription=\"slide\" aria-label=\"3 of 12\" data-no-translation-aria-label=\"\"><a data-elementor-open-lightbox=\"yes\" data-elementor-lightbox-slideshow=\"fb71b4e\" data-elementor-lightbox-title=\"Hotel Der Blaue Reiter_Karlsruhe_76227_Sommerlounge (8)\" data-e-action-hash=\"#elementor-action%3Aaction%3Dlightbox%26settings%3DeyJpZCI6MTE1MTAsInVybCI6Imh0dHBzOlwvXC9ob3RlbGRlcmJsYXVlcmVpdGVyLmRlXC93cC1jb250ZW50XC91cGxvYWRzXC8yMDIxXC8xMVwvSG90ZWwtRGVyLUJsYXVlLVJlaXRlcl9LYXJsc3J1aGVfNzYyMjdfU29tbWVybG91bmdlLTguanBnIiwic2xpZGVzaG93IjoiZmI3MWI0ZSJ9\" href=\"https:\/\/hotelderblauereiter.de\/wp-content\/uploads\/2021\/11\/Hotel-Der-Blaue-Reiter_Karlsruhe_76227_Sommerlounge-8.jpg\"><figure class=\"swiper-slide-inner\"><img decoding=\"async\" class=\"swiper-slide-image\" src=\"https:\/\/hotelderblauereiter.de\/wp-content\/uploads\/elementor\/thumbs\/Hotel-Der-Blaue-Reiter_Karlsruhe_76227_Sommerlounge-8-pgalbl973nk4qjh8darz3xc7lavbayx57p0bzz4k1c.jpg\" alt=\"Hotel Der Blaue Reiter_Karlsruhe_76227_Sommerlounge (8)\" \/><\/figure><\/a><\/div><div class=\"swiper-slide\" role=\"group\" aria-roledescription=\"slide\" aria-label=\"4 of 12\" data-no-translation-aria-label=\"\"><a data-elementor-open-lightbox=\"yes\" data-elementor-lightbox-slideshow=\"fb71b4e\" data-elementor-lightbox-title=\"Hotel Der Blaue Reiter_Karlsruhe_76227_Sommerlounge (9)\" data-e-action-hash=\"#elementor-action%3Aaction%3Dlightbox%26settings%3DeyJpZCI6MTE1MTEsInVybCI6Imh0dHBzOlwvXC9ob3RlbGRlcmJsYXVlcmVpdGVyLmRlXC93cC1jb250ZW50XC91cGxvYWRzXC8yMDIxXC8xMVwvSG90ZWwtRGVyLUJsYXVlLVJlaXRlcl9LYXJsc3J1aGVfNzYyMjdfU29tbWVybG91bmdlLTkuanBnIiwic2xpZGVzaG93IjoiZmI3MWI0ZSJ9\" href=\"https:\/\/hotelderblauereiter.de\/wp-content\/uploads\/2021\/11\/Hotel-Der-Blaue-Reiter_Karlsruhe_76227_Sommerlounge-9.jpg\"><figure class=\"swiper-slide-inner\"><img decoding=\"async\" class=\"swiper-slide-image\" src=\"https:\/\/hotelderblauereiter.de\/wp-content\/uploads\/elementor\/thumbs\/Hotel-Der-Blaue-Reiter_Karlsruhe_76227_Sommerlounge-9-pgalbn4vhbmpdrei2bl88wv4s2m1qd4lvybayj1row.jpg\" alt=\"Hotel Der Blaue Reiter_Karlsruhe_76227_Sommerlounge (9)\" \/><\/figure><\/a><\/div><div class=\"swiper-slide\" role=\"group\" aria-roledescription=\"slide\" aria-label=\"5 of 12\" data-no-translation-aria-label=\"\"><a data-elementor-open-lightbox=\"yes\" data-elementor-lightbox-slideshow=\"fb71b4e\" data-elementor-lightbox-title=\"Hotel Der Blaue Reiter_Karlsruhe_76227_Sommerlounge\" data-e-action-hash=\"#elementor-action%3Aaction%3Dlightbox%26settings%3DeyJpZCI6MTE1MTIsInVybCI6Imh0dHBzOlwvXC9ob3RlbGRlcmJsYXVlcmVpdGVyLmRlXC93cC1jb250ZW50XC91cGxvYWRzXC8yMDIxXC8xMVwvSG90ZWwtRGVyLUJsYXVlLVJlaXRlcl9LYXJsc3J1aGVfNzYyMjdfU29tbWVybG91bmdlLTEuanBnIiwic2xpZGVzaG93IjoiZmI3MWI0ZSJ9\" href=\"https:\/\/hotelderblauereiter.de\/wp-content\/uploads\/2021\/11\/Hotel-Der-Blaue-Reiter_Karlsruhe_76227_Sommerlounge-1.jpg\"><figure class=\"swiper-slide-inner\"><img decoding=\"async\" class=\"swiper-slide-image\" src=\"https:\/\/hotelderblauereiter.de\/wp-content\/uploads\/elementor\/thumbs\/Hotel-Der-Blaue-Reiter_Karlsruhe_76227_Sommerlounge-1-pgalbpye1tqkclaelut3ye5ik885dgfswc9recxl68.jpg\" alt=\"Hotel Der Blaue Reiter_Karlsruhe_76227_Sommerlounge\" \/><\/figure><\/a><\/div><div class=\"swiper-slide\" role=\"group\" aria-roledescription=\"slide\" aria-label=\"6 of 12\" data-no-translation-aria-label=\"\"><a data-elementor-open-lightbox=\"yes\" data-elementor-lightbox-slideshow=\"fb71b4e\" data-elementor-lightbox-title=\"Hotel Der Blaue Reiter_Karlsruhe_76227_Sommerlounge_Detail (6)\" data-e-action-hash=\"#elementor-action%3Aaction%3Dlightbox%26settings%3DeyJpZCI6MTE1MTMsInVybCI6Imh0dHBzOlwvXC9ob3RlbGRlcmJsYXVlcmVpdGVyLmRlXC93cC1jb250ZW50XC91cGxvYWRzXC8yMDIxXC8xMVwvSG90ZWwtRGVyLUJsYXVlLVJlaXRlcl9LYXJsc3J1aGVfNzYyMjdfU29tbWVybG91bmdlX0RldGFpbC02LmpwZyIsInNsaWRlc2hvdyI6ImZiNzFiNGUifQ%3D%3D\" href=\"https:\/\/hotelderblauereiter.de\/wp-content\/uploads\/2021\/11\/Hotel-Der-Blaue-Reiter_Karlsruhe_76227_Sommerlounge_Detail-6.jpg\"><figure class=\"swiper-slide-inner\"><img decoding=\"async\" class=\"swiper-slide-image\" src=\"https:\/\/hotelderblauereiter.de\/wp-content\/uploads\/elementor\/thumbs\/Hotel-Der-Blaue-Reiter_Karlsruhe_76227_Sommerlounge_Detail-6-pgalbru2fht4zt7oavmd3dofqzyvsun9klkqcwusts.jpg\" alt=\"Hotel Der Blaue Reiter_Karlsruhe_76227_Sommerlounge_Detail (6)\" \/><\/figure><\/a><\/div><div class=\"swiper-slide\" role=\"group\" aria-roledescription=\"slide\" aria-label=\"7 of 12\" data-no-translation-aria-label=\"\"><a data-elementor-open-lightbox=\"yes\" data-elementor-lightbox-slideshow=\"fb71b4e\" data-elementor-lightbox-title=\"Hotel Der Blaue Reiter_Karlsruhe_76227_Sommerlounge_Detail (7)\" data-e-action-hash=\"#elementor-action%3Aaction%3Dlightbox%26settings%3DeyJpZCI6MTE1MTQsInVybCI6Imh0dHBzOlwvXC9ob3RlbGRlcmJsYXVlcmVpdGVyLmRlXC93cC1jb250ZW50XC91cGxvYWRzXC8yMDIxXC8xMVwvSG90ZWwtRGVyLUJsYXVlLVJlaXRlcl9LYXJsc3J1aGVfNzYyMjdfU29tbWVybG91bmdlX0RldGFpbC03LXNjYWxlZC5qcGciLCJzbGlkZXNob3ciOiJmYjcxYjRlIn0%3D\" href=\"https:\/\/hotelderblauereiter.de\/wp-content\/uploads\/2021\/11\/Hotel-Der-Blaue-Reiter_Karlsruhe_76227_Sommerlounge_Detail-7-scaled.jpg\"><figure class=\"swiper-slide-inner\"><img decoding=\"async\" class=\"swiper-slide-image\" src=\"https:\/\/hotelderblauereiter.de\/wp-content\/uploads\/elementor\/thumbs\/Hotel-Der-Blaue-Reiter_Karlsruhe_76227_Sommerlounge_Detail-7-scaled-pgalbunkzzwzyn3kueu8suytj5kzfxygkzj6sqqmb4.jpg\" alt=\"Hotel Der Blaue Reiter_Karlsruhe_76227_Sommerlounge_Detail (7)\" \/><\/figure><\/a><\/div><div class=\"swiper-slide\" role=\"group\" aria-roledescription=\"slide\" aria-label=\"8 of 12\" data-no-translation-aria-label=\"\"><a data-elementor-open-lightbox=\"yes\" data-elementor-lightbox-slideshow=\"fb71b4e\" data-elementor-lightbox-title=\"Hotel Der Blaue Reiter_Karlsruhe_76227_Sommerlounge_Detail\" data-e-action-hash=\"#elementor-action%3Aaction%3Dlightbox%26settings%3DeyJpZCI6MTE1MTUsInVybCI6Imh0dHBzOlwvXC9ob3RlbGRlcmJsYXVlcmVpdGVyLmRlXC93cC1jb250ZW50XC91cGxvYWRzXC8yMDIxXC8xMVwvSG90ZWwtRGVyLUJsYXVlLVJlaXRlcl9LYXJsc3J1aGVfNzYyMjdfU29tbWVybG91bmdlX0RldGFpbC5qcGciLCJzbGlkZXNob3ciOiJmYjcxYjRlIn0%3D\" href=\"https:\/\/hotelderblauereiter.de\/wp-content\/uploads\/2021\/11\/Hotel-Der-Blaue-Reiter_Karlsruhe_76227_Sommerlounge_Detail.jpg\"><figure class=\"swiper-slide-inner\"><img decoding=\"async\" class=\"swiper-slide-image\" src=\"https:\/\/hotelderblauereiter.de\/wp-content\/uploads\/elementor\/thumbs\/Hotel-Der-Blaue-Reiter_Karlsruhe_76227_Sommerlounge_Detail-pgalbyexrc2592y48ggr2u0nwp2gaqddxi54pul1m8.jpg\" alt=\"Hotel Der Blaue Reiter_Karlsruhe_76227_Sommerlounge_Detail\" \/><\/figure><\/a><\/div><div class=\"swiper-slide\" role=\"group\" aria-roledescription=\"slide\" aria-label=\"9 of 12\" data-no-translation-aria-label=\"\"><a data-elementor-open-lightbox=\"yes\" data-elementor-lightbox-slideshow=\"fb71b4e\" data-elementor-lightbox-title=\"Hotel Der Blaue Reiter_Karlsruhe_76227_Terrasse (4)\" data-e-action-hash=\"#elementor-action%3Aaction%3Dlightbox%26settings%3DeyJpZCI6MTE1MTYsInVybCI6Imh0dHBzOlwvXC9ob3RlbGRlcmJsYXVlcmVpdGVyLmRlXC93cC1jb250ZW50XC91cGxvYWRzXC8yMDIxXC8xMVwvSG90ZWwtRGVyLUJsYXVlLVJlaXRlcl9LYXJsc3J1aGVfNzYyMjdfVGVycmFzc2UtNC5qcGciLCJzbGlkZXNob3ciOiJmYjcxYjRlIn0%3D\" href=\"https:\/\/hotelderblauereiter.de\/wp-content\/uploads\/2021\/11\/Hotel-Der-Blaue-Reiter_Karlsruhe_76227_Terrasse-4.jpg\"><figure class=\"swiper-slide-inner\"><img decoding=\"async\" class=\"swiper-slide-image\" src=\"https:\/\/hotelderblauereiter.de\/wp-content\/uploads\/elementor\/thumbs\/Hotel-Der-Blaue-Reiter_Karlsruhe_76227_Terrasse-4-pgalc18gbu607wu0rzomsbb1ouojxtokxw3l5ogv3k.jpg\" alt=\"Hotel Der Blaue Reiter_Karlsruhe_76227_Terrasse (4)\" \/><\/figure><\/a><\/div><div class=\"swiper-slide\" role=\"group\" aria-roledescription=\"slide\" aria-label=\"10 of 12\" data-no-translation-aria-label=\"\"><a data-elementor-open-lightbox=\"yes\" data-elementor-lightbox-slideshow=\"fb71b4e\" data-elementor-lightbox-title=\"Hotel Der Blaue Reiter_Karlsruhe_76227_Terrasse (11)\" data-e-action-hash=\"#elementor-action%3Aaction%3Dlightbox%26settings%3DeyJpZCI6MTE1MTcsInVybCI6Imh0dHBzOlwvXC9ob3RlbGRlcmJsYXVlcmVpdGVyLmRlXC93cC1jb250ZW50XC91cGxvYWRzXC8yMDIxXC8xMVwvSG90ZWwtRGVyLUJsYXVlLVJlaXRlcl9LYXJsc3J1aGVfNzYyMjdfVGVycmFzc2UtMTEuanBnIiwic2xpZGVzaG93IjoiZmI3MWI0ZSJ9\" href=\"https:\/\/hotelderblauereiter.de\/wp-content\/uploads\/2021\/11\/Hotel-Der-Blaue-Reiter_Karlsruhe_76227_Terrasse-11.jpg\"><figure class=\"swiper-slide-inner\"><img decoding=\"async\" class=\"swiper-slide-image\" src=\"https:\/\/hotelderblauereiter.de\/wp-content\/uploads\/elementor\/thumbs\/Hotel-Der-Blaue-Reiter_Karlsruhe_76227_Terrasse-11-pgalc344pi8kv4rah0hvxatyvmfad7w1m5ek48e2r4.jpg\" alt=\"Hotel Der Blaue Reiter_Karlsruhe_76227_Terrasse (11)\" \/><\/figure><\/a><\/div><div class=\"swiper-slide\" role=\"group\" aria-roledescription=\"slide\" aria-label=\"11 of 12\" data-no-translation-aria-label=\"\"><a data-elementor-open-lightbox=\"yes\" data-elementor-lightbox-slideshow=\"fb71b4e\" data-elementor-lightbox-title=\"Hotel Der Blaue Reiter_Karlsruhe_76227_Terrasse_Detail (2)\" data-e-action-hash=\"#elementor-action%3Aaction%3Dlightbox%26settings%3DeyJpZCI6MTE1MTgsInVybCI6Imh0dHBzOlwvXC9ob3RlbGRlcmJsYXVlcmVpdGVyLmRlXC93cC1jb250ZW50XC91cGxvYWRzXC8yMDIxXC8xMVwvSG90ZWwtRGVyLUJsYXVlLVJlaXRlcl9LYXJsc3J1aGVfNzYyMjdfVGVycmFzc2VfRGV0YWlsLTIuanBnIiwic2xpZGVzaG93IjoiZmI3MWI0ZSJ9\" href=\"https:\/\/hotelderblauereiter.de\/wp-content\/uploads\/2021\/11\/Hotel-Der-Blaue-Reiter_Karlsruhe_76227_Terrasse_Detail-2.jpg\"><figure class=\"swiper-slide-inner\"><img decoding=\"async\" class=\"swiper-slide-image\" src=\"https:\/\/hotelderblauereiter.de\/wp-content\/uploads\/elementor\/thumbs\/Hotel-Der-Blaue-Reiter_Karlsruhe_76227_Terrasse_Detail-2-pgalc4zt36b5icok61b52acw2e60sm3iaepj2sbaeo.jpg\" alt=\"Hotel Der Blaue Reiter_Karlsruhe_76227_Terrasse_Detail (2)\" \/><\/figure><\/a><\/div><div class=\"swiper-slide\" role=\"group\" aria-roledescription=\"slide\" aria-label=\"12 of 12\" data-no-translation-aria-label=\"\"><a data-elementor-open-lightbox=\"yes\" data-elementor-lightbox-slideshow=\"fb71b4e\" data-elementor-lightbox-title=\"Hotel Der Blaue Reiter_Karlsruhe_76227_Terrasse_Detail\" data-e-action-hash=\"#elementor-action%3Aaction%3Dlightbox%26settings%3DeyJpZCI6MTE1MTksInVybCI6Imh0dHBzOlwvXC9ob3RlbGRlcmJsYXVlcmVpdGVyLmRlXC93cC1jb250ZW50XC91cGxvYWRzXC8yMDIxXC8xMVwvSG90ZWwtRGVyLUJsYXVlLVJlaXRlcl9LYXJsc3J1aGVfNzYyMjdfVGVycmFzc2VfRGV0YWlsLmpwZyIsInNsaWRlc2hvdyI6ImZiNzFiNGUifQ%3D%3D\" href=\"https:\/\/hotelderblauereiter.de\/wp-content\/uploads\/2021\/11\/Hotel-Der-Blaue-Reiter_Karlsruhe_76227_Terrasse_Detail.jpg\"><figure class=\"swiper-slide-inner\"><img decoding=\"async\" class=\"swiper-slide-image\" src=\"https:\/\/hotelderblauereiter.de\/wp-content\/uploads\/elementor\/thumbs\/Hotel-Der-Blaue-Reiter_Karlsruhe_76227_Terrasse_Detail-pgalc7tbnof0h6kgpkj0rrn9ujs4fpepasnzim73w0.jpg\" alt=\"Hotel Der Blaue Reiter_Karlsruhe_76227_Terrasse_Detail\" \/><\/figure><\/a><\/div>\t\t\t<\/div>\n\t\t\t\t\t\t\t\t\t\t\t\t<div class=\"elementor-swiper-button elementor-swiper-button-prev\" role=\"button\" tabindex=\"0\">\n\t\t\t\t\t\t<i aria-hidden=\"true\" class=\"eicon-chevron-left\"><\/i>\t\t\t\t\t<\/div>\n\t\t\t\t\t<div class=\"elementor-swiper-button elementor-swiper-button-next\" role=\"button\" tabindex=\"0\">\n\t\t\t\t\t\t<i aria-hidden=\"true\" class=\"eicon-chevron-right\"><\/i>\t\t\t\t\t<\/div>\n\t\t\t\t\n\t\t\t\t\t\t\t\t\t<\/div>\n\t\t\t\t\t\t<\/div>\n\t\t\t\t<\/div>\n\t\t\t\t\t<\/div>\n\t\t<\/div>\n\t\t\t\t\t<\/div>\n\t\t<\/section>\n\t\t\t\t<\/div>","protected":false},"excerpt":{"rendered":"<p>SOMMERLOUNGEGALERIE Hier haben wir ein paar Eindr\u00fccke f\u00fcr Sie zusammengestellt. Zur\u00fcck Weiter<\/p>","protected":false},"author":16,"featured_media":0,"parent":0,"menu_order":0,"comment_status":"closed","ping_status":"closed","template":"","meta":{"_seopress_robots_primary_cat":"","_seopress_titles_title":"","_seopress_titles_desc":"","_seopress_robots_index":"","site-sidebar-layout":"no-sidebar","site-content-layout":"page-builder","ast-site-content-layout":"default","site-content-style":"default","site-sidebar-style":"default","ast-global-header-display":"","ast-banner-title-visibility":"","ast-main-header-display":"","ast-hfb-above-header-display":"","ast-hfb-below-header-display":"","ast-hfb-mobile-header-display":"","site-post-title":"disabled","ast-breadcrumbs-content":"","ast-featured-img":"disabled","footer-sml-layout":"","ast-disable-related-posts":"","theme-transparent-header-meta":"default","adv-header-id-meta":"","stick-header-meta":"","header-above-stick-meta":"","header-main-stick-meta":"","header-below-stick-meta":"","astra-migrate-meta-layouts":"default","ast-page-background-enabled":"default","ast-page-background-meta":{"desktop":{"background-color":"","background-image":"","background-repeat":"repeat","background-position":"center center","background-size":"auto","background-attachment":"scroll","background-type":"","background-media":"","overlay-type":"","overlay-color":"","overlay-opacity":"","overlay-gradient":""},"tablet":{"background-color":"","background-image":"","background-repeat":"repeat","background-position":"center center","background-size":"auto","background-attachment":"scroll","background-type":"","background-media":"","overlay-type":"","overlay-color":"","overlay-opacity":"","overlay-gradient":""},"mobile":{"background-color":"","background-image":"","background-repeat":"repeat","background-position":"center center","background-size":"auto","background-attachment":"scroll","background-type":"","background-media":"","overlay-type":"","overlay-color":"","overlay-opacity":"","overlay-gradient":""}},"ast-content-background-meta":{"desktop":{"background-color":"var(--ast-global-color-5)","background-image":"","background-repeat":"repeat","background-position":"center center","background-size":"auto","background-attachment":"scroll","background-type":"","background-media":"","overlay-type":"","overlay-color":"","overlay-opacity":"","overlay-gradient":""},"tablet":{"background-color":"var(--ast-global-color-5)","background-image":"","background-repeat":"repeat","background-position":"center center","background-size":"auto","background-attachment":"scroll","background-type":"","background-media":"","overlay-type":"","overlay-color":"","overlay-opacity":"","overlay-gradient":""},"mobile":{"background-color":"var(--ast-global-color-5)","background-image":"","background-repeat":"repeat","background-position":"center center","background-size":"auto","background-attachment":"scroll","background-type":"","background-media":"","overlay-type":"","overlay-color":"","overlay-opacity":"","overlay-gradient":""}},"footnotes":""},"class_list":["post-11495","page","type-page","status-publish","hentry"],"jetpack_sharing_enabled":true,"_links":{"self":[{"href":"https:\/\/hotelderblauereiter.de\/en\/wp-json\/wp\/v2\/pages\/11495","targetHints":{"allow":["GET"]}}],"collection":[{"href":"https:\/\/hotelderblauereiter.de\/en\/wp-json\/wp\/v2\/pages"}],"about":[{"href":"https:\/\/hotelderblauereiter.de\/en\/wp-json\/wp\/v2\/types\/page"}],"author":[{"embeddable":true,"href":"https:\/\/hotelderblauereiter.de\/en\/wp-json\/wp\/v2\/users\/16"}],"replies":[{"embeddable":true,"href":"https:\/\/hotelderblauereiter.de\/en\/wp-json\/wp\/v2\/comments?post=11495"}],"version-history":[{"count":10,"href":"https:\/\/hotelderblauereiter.de\/en\/wp-json\/wp\/v2\/pages\/11495\/revisions"}],"predecessor-version":[{"id":11530,"href":"https:\/\/hotelderblauereiter.de\/en\/wp-json\/wp\/v2\/pages\/11495\/revisions\/11530"}],"wp:attachment":[{"href":"https:\/\/hotelderblauereiter.de\/en\/wp-json\/wp\/v2\/media?parent=11495"}],"curies":[{"name":"wp","href":"https:\/\/api.w.org\/{rel}","templated":true}]}}