{"id":13602,"date":"2022-12-08T11:18:45","date_gmt":"2022-12-08T10:18:45","guid":{"rendered":"https:\/\/hotelderblauereiter.de\/?page_id=13602"},"modified":"2022-12-20T14:03:19","modified_gmt":"2022-12-20T13:03:19","slug":"spendenschlagerabend","status":"publish","type":"page","link":"https:\/\/hotelderblauereiter.de\/en\/spendenschlagerabend\/","title":{"rendered":"Donation Evening"},"content":{"rendered":"<div data-elementor-type=\"wp-page\" data-elementor-id=\"13602\" class=\"elementor elementor-13602\" data-elementor-post-type=\"page\">\n\t\t\t\t\t\t<div class=\"elementor-section elementor-top-section elementor-element elementor-element-980b38f elementor-section-full_width elementor-section-height-min-height elementor-section-content-middle background elementor-hidden-desktop elementor-hidden-tablet elementor-section-height-default elementor-section-items-middle\" data-id=\"980b38f\" data-element_type=\"section\" id=\"top-background\" data-settings=\"{&quot;background_background&quot;:&quot;classic&quot;}\">\n\t\t\t\t\t\t<div class=\"elementor-container elementor-column-gap-default\">\n\t\t\t\t\t<div class=\"elementor-column elementor-col-100 elementor-top-column elementor-element elementor-element-46f7e53\" data-id=\"46f7e53\" data-element_type=\"column\">\n\t\t\t<div class=\"elementor-widget-wrap elementor-element-populated\">\n\t\t\t\t\t\t<div class=\"elementor-element elementor-element-3e5fd0e front-titel elementor-widget elementor-widget-text-editor\" data-id=\"3e5fd0e\" data-element_type=\"widget\" id=\"top-background\" data-widget_type=\"text-editor.default\">\n\t\t\t\t<div class=\"elementor-widget-container\">\n\t\t\t\t\t\t\t\t\t<h1>SPENDEN SCHLAGERABEND<\/h1>\t\t\t\t\t\t\t\t<\/div>\n\t\t\t\t<\/div>\n\t\t\t\t\t<\/div>\n\t\t<\/div>\n\t\t\t\t\t<\/div>\n\t\t<\/div>\n\t\t\t\t<section class=\"elementor-section elementor-top-section elementor-element elementor-element-94e6039 elementor-section-full_width elementor-hidden-phone elementor-section-height-default elementor-section-height-default\" data-id=\"94e6039\" data-element_type=\"section\">\n\t\t\t\t\t\t<div class=\"elementor-container elementor-column-gap-default\">\n\t\t\t\t\t<div class=\"elementor-column elementor-col-100 elementor-top-column elementor-element elementor-element-db0dcd5\" data-id=\"db0dcd5\" data-element_type=\"column\">\n\t\t\t<div class=\"elementor-widget-wrap elementor-element-populated\">\n\t\t\t\t\t\t<div class=\"elementor-element elementor-element-100895e elementor-hidden-mobile elementor-widget elementor-widget-video\" data-id=\"100895e\" data-element_type=\"widget\" data-settings=\"{&quot;video_type&quot;:&quot;hosted&quot;,&quot;autoplay&quot;:&quot;yes&quot;,&quot;mute&quot;:&quot;yes&quot;,&quot;loop&quot;:&quot;yes&quot;}\" data-widget_type=\"video.default\">\n\t\t\t\t<div class=\"elementor-widget-container\">\n\t\t\t\t\t\t\t<div class=\"e-hosted-video elementor-wrapper elementor-open-inline\">\n\t\t\t\t\t<video class=\"elementor-video\" src=\"https:\/\/hotelderblauereiter.de\/wp-content\/uploads\/2022\/12\/BRK-Schlager-Abend-FARBE.mp4\" autoplay=\"\" loop=\"\" muted=\"muted\" controlslist=\"nodownload\"><\/video>\n\t\t\t\t<\/div>\n\t\t\t\t\t\t<\/div>\n\t\t\t\t<\/div>\n\t\t\t\t\t<\/div>\n\t\t<\/div>\n\t\t\t\t\t<\/div>\n\t\t<\/section>\n\t\t\t\t<section class=\"elementor-section elementor-top-section elementor-element elementor-element-dd0d5e7 elementor-section-full_width elementor-section-content-middle text-box min-height-200 elementor-section-height-default elementor-section-height-default\" data-id=\"dd0d5e7\" data-element_type=\"section\" data-settings=\"{&quot;background_background&quot;:&quot;classic&quot;}\">\n\t\t\t\t\t\t<div class=\"elementor-container elementor-column-gap-default\">\n\t\t\t\t\t<div class=\"elementor-column elementor-col-100 elementor-top-column elementor-element elementor-element-2afc368\" data-id=\"2afc368\" data-element_type=\"column\" data-settings=\"{&quot;background_background&quot;:&quot;classic&quot;}\">\n\t\t\t<div class=\"elementor-widget-wrap elementor-element-populated\">\n\t\t\t\t\t\t<div class=\"elementor-element elementor-element-46c4c96 text-box-h5 elementor-widget elementor-widget-heading\" data-id=\"46c4c96\" data-element_type=\"widget\" data-widget_type=\"heading.default\">\n\t\t\t\t<div class=\"elementor-widget-container\">\n\t\t\t\t\t<h5 class=\"elementor-heading-title elementor-size-default\">Der Spenden Schlagerabend war eine legend\u00e4re Partynacht, welche wir so schnell nicht vergessen werden.  <br>  <br> Dank der gro\u00dfz\u00fcgigen Spenden unserer G\u00e4ste, konnten wir zudem ganz vielen Kindern eine gro\u00dfe Freude machen. <\/h5>\t\t\t\t<\/div>\n\t\t\t\t<\/div>\n\t\t\t\t\t<\/div>\n\t\t<\/div>\n\t\t\t\t\t<\/div>\n\t\t<\/section>\n\t\t\t\t<section class=\"elementor-section elementor-top-section elementor-element elementor-element-01571bf elementor-section-full_width elementor-section-height-default elementor-section-height-default\" data-id=\"01571bf\" data-element_type=\"section\">\n\t\t\t\t\t\t<div class=\"elementor-container elementor-column-gap-default\">\n\t\t\t\t\t<div class=\"elementor-column elementor-col-100 elementor-top-column elementor-element elementor-element-02d9c17\" data-id=\"02d9c17\" data-element_type=\"column\">\n\t\t\t<div class=\"elementor-widget-wrap elementor-element-populated\">\n\t\t\t\t\t\t<div class=\"elementor-element elementor-element-b7ad1b6 elementor-arrows-position-outside custom-image-slider elementor-widget elementor-widget-image-carousel\" data-id=\"b7ad1b6\" data-element_type=\"widget\" data-settings=\"{&quot;slides_to_show&quot;:&quot;4&quot;,&quot;navigation&quot;:&quot;arrows&quot;,&quot;image_spacing_custom&quot;:{&quot;unit&quot;:&quot;px&quot;,&quot;size&quot;:0,&quot;sizes&quot;:[]},&quot;autoplay_speed&quot;:4000,&quot;autoplay&quot;:&quot;yes&quot;,&quot;pause_on_hover&quot;:&quot;yes&quot;,&quot;pause_on_interaction&quot;:&quot;yes&quot;,&quot;infinite&quot;:&quot;yes&quot;,&quot;speed&quot;:500,&quot;image_spacing_custom_tablet&quot;:{&quot;unit&quot;:&quot;px&quot;,&quot;size&quot;:&quot;&quot;,&quot;sizes&quot;:[]},&quot;image_spacing_custom_mobile&quot;:{&quot;unit&quot;:&quot;px&quot;,&quot;size&quot;:&quot;&quot;,&quot;sizes&quot;:[]}}\" data-widget_type=\"image-carousel.default\">\n\t\t\t\t<div class=\"elementor-widget-container\">\n\t\t\t\t\t\t\t<div class=\"elementor-image-carousel-wrapper swiper\" role=\"region\" aria-roledescription=\"carousel\" aria-label=\"Image Carousel\" dir=\"ltr\" data-no-translation-aria-label=\"\">\n\t\t\t<div class=\"elementor-image-carousel swiper-wrapper swiper-image-stretch\" aria-live=\"off\">\n\t\t\t\t\t\t\t\t<div class=\"swiper-slide\" role=\"group\" aria-roledescription=\"slide\" aria-label=\"1 of 12\" data-no-translation-aria-label=\"\"><a data-elementor-open-lightbox=\"yes\" data-elementor-lightbox-slideshow=\"b7ad1b6\" data-elementor-lightbox-title=\"20221202_164005\" data-e-action-hash=\"#elementor-action%3Aaction%3Dlightbox%26settings%3DeyJpZCI6MTM2MDUsInVybCI6Imh0dHBzOlwvXC9ob3RlbGRlcmJsYXVlcmVpdGVyLmRlXC93cC1jb250ZW50XC91cGxvYWRzXC8yMDIyXC8xMlwvMjAyMjEyMDJfMTY0MDA1LmpwZyIsInNsaWRlc2hvdyI6ImI3YWQxYjYifQ%3D%3D\" href=\"https:\/\/hotelderblauereiter.de\/wp-content\/uploads\/2022\/12\/20221202_164005.jpg\"><figure class=\"swiper-slide-inner\"><img decoding=\"async\" class=\"swiper-slide-image\" src=\"https:\/\/hotelderblauereiter.de\/wp-content\/uploads\/elementor\/thumbs\/20221202_164005-pyuuatfxkoee81r0h7gfheyhmwls079eja5jhqc774.jpg\" alt=\"20221202_164005\" \/><\/figure><\/a><\/div><div class=\"swiper-slide\" role=\"group\" aria-roledescription=\"slide\" aria-label=\"2 of 12\" data-no-translation-aria-label=\"\"><a data-elementor-open-lightbox=\"yes\" data-elementor-lightbox-slideshow=\"b7ad1b6\" data-elementor-lightbox-title=\"BRK Spenden Schlager_L1190844Patrick vom Berg\" data-e-action-hash=\"#elementor-action%3Aaction%3Dlightbox%26settings%3DeyJpZCI6MTM2MTYsInVybCI6Imh0dHBzOlwvXC9ob3RlbGRlcmJsYXVlcmVpdGVyLmRlXC93cC1jb250ZW50XC91cGxvYWRzXC8yMDIyXC8xMlwvQlJLLVNwZW5kZW4tU2NobGFnZXJfTDExOTA4NDRQYXRyaWNrLXZvbS1CZXJnLTEuanBnIiwic2xpZGVzaG93IjoiYjdhZDFiNiJ9\" href=\"https:\/\/hotelderblauereiter.de\/wp-content\/uploads\/2022\/12\/BRK-Spenden-Schlager_L1190844Patrick-vom-Berg-1.jpg\"><figure class=\"swiper-slide-inner\"><img decoding=\"async\" class=\"swiper-slide-image\" src=\"https:\/\/hotelderblauereiter.de\/wp-content\/uploads\/elementor\/thumbs\/BRK-Spenden-Schlager_L1190844Patrick-vom-Berg-1-pyuubitkp7d4xiq5d0fcuqjxob4os125mrrng7akj4.jpg\" alt=\"BRK Spenden Schlager_L1190844Patrick vom Berg\" \/><\/figure><\/a><\/div><div class=\"swiper-slide\" role=\"group\" aria-roledescription=\"slide\" aria-label=\"3 of 12\" data-no-translation-aria-label=\"\"><a data-elementor-open-lightbox=\"yes\" data-elementor-lightbox-slideshow=\"b7ad1b6\" data-elementor-lightbox-title=\"BRK Spenden Schlager_L1190821Patrick vom Berg\" data-e-action-hash=\"#elementor-action%3Aaction%3Dlightbox%26settings%3DeyJpZCI6MTM2MTUsInVybCI6Imh0dHBzOlwvXC9ob3RlbGRlcmJsYXVlcmVpdGVyLmRlXC93cC1jb250ZW50XC91cGxvYWRzXC8yMDIyXC8xMlwvQlJLLVNwZW5kZW4tU2NobGFnZXJfTDExOTA4MjFQYXRyaWNrLXZvbS1CZXJnLmpwZyIsInNsaWRlc2hvdyI6ImI3YWQxYjYifQ%3D%3D\" href=\"https:\/\/hotelderblauereiter.de\/wp-content\/uploads\/2022\/12\/BRK-Spenden-Schlager_L1190821Patrick-vom-Berg.jpg\"><figure class=\"swiper-slide-inner\"><img decoding=\"async\" class=\"swiper-slide-image\" src=\"https:\/\/hotelderblauereiter.de\/wp-content\/uploads\/elementor\/thumbs\/BRK-Spenden-Schlager_L1190821Patrick-vom-Berg-pyuubgxwbjakaasvnzm3pr10hjdycmuoyigohndcvk.jpg\" alt=\"BRK Spenden Schlager_L1190821Patrick vom Berg\" \/><\/figure><\/a><\/div><div class=\"swiper-slide\" role=\"group\" aria-roledescription=\"slide\" aria-label=\"4 of 12\" data-no-translation-aria-label=\"\"><a data-elementor-open-lightbox=\"yes\" data-elementor-lightbox-slideshow=\"b7ad1b6\" data-elementor-lightbox-title=\"20221202_174806\" data-e-action-hash=\"#elementor-action%3Aaction%3Dlightbox%26settings%3DeyJpZCI6MTM2MDcsInVybCI6Imh0dHBzOlwvXC9ob3RlbGRlcmJsYXVlcmVpdGVyLmRlXC93cC1jb250ZW50XC91cGxvYWRzXC8yMDIyXC8xMlwvMjAyMjEyMDJfMTc0ODA2LmpwZyIsInNsaWRlc2hvdyI6ImI3YWQxYjYifQ%3D%3D\" href=\"https:\/\/hotelderblauereiter.de\/wp-content\/uploads\/2022\/12\/20221202_174806.jpg\"><figure class=\"swiper-slide-inner\"><img decoding=\"async\" class=\"swiper-slide-image\" src=\"https:\/\/hotelderblauereiter.de\/wp-content\/uploads\/elementor\/thumbs\/20221202_174806-pyuuay54iuktu3k6prhkbvrsltym2os27xeyw458c0.jpg\" alt=\"20221202_174806\" \/><\/figure><\/a><\/div><div class=\"swiper-slide\" role=\"group\" aria-roledescription=\"slide\" aria-label=\"5 of 12\" data-no-translation-aria-label=\"\"><a data-elementor-open-lightbox=\"yes\" data-elementor-lightbox-slideshow=\"b7ad1b6\" data-elementor-lightbox-title=\"BRK Spenden Schlager_L1190709Patrick vom Berg\" data-e-action-hash=\"#elementor-action%3Aaction%3Dlightbox%26settings%3DeyJpZCI6MTM2MDgsInVybCI6Imh0dHBzOlwvXC9ob3RlbGRlcmJsYXVlcmVpdGVyLmRlXC93cC1jb250ZW50XC91cGxvYWRzXC8yMDIyXC8xMlwvQlJLLVNwZW5kZW4tU2NobGFnZXJfTDExOTA3MDlQYXRyaWNrLXZvbS1CZXJnLmpwZyIsInNsaWRlc2hvdyI6ImI3YWQxYjYifQ%3D%3D\" href=\"https:\/\/hotelderblauereiter.de\/wp-content\/uploads\/2022\/12\/BRK-Spenden-Schlager_L1190709Patrick-vom-Berg.jpg\"><figure class=\"swiper-slide-inner\"><img decoding=\"async\" class=\"swiper-slide-image\" src=\"https:\/\/hotelderblauereiter.de\/wp-content\/uploads\/elementor\/thumbs\/BRK-Spenden-Schlager_L1190709Patrick-vom-Berg-pyuub0yn3coosxg39apg1d26dzkpps398bdfby11tc.jpg\" alt=\"BRK Spenden Schlager_L1190709Patrick vom Berg\" \/><\/figure><\/a><\/div><div class=\"swiper-slide\" role=\"group\" aria-roledescription=\"slide\" aria-label=\"6 of 12\" data-no-translation-aria-label=\"\"><a data-elementor-open-lightbox=\"yes\" data-elementor-lightbox-slideshow=\"b7ad1b6\" data-elementor-lightbox-title=\"BRK Spenden Schlager_L1190785Patrick vom Berg\" data-e-action-hash=\"#elementor-action%3Aaction%3Dlightbox%26settings%3DeyJpZCI6MTM2MDksInVybCI6Imh0dHBzOlwvXC9ob3RlbGRlcmJsYXVlcmVpdGVyLmRlXC93cC1jb250ZW50XC91cGxvYWRzXC8yMDIyXC8xMlwvQlJLLVNwZW5kZW4tU2NobGFnZXJfTDExOTA3ODVQYXRyaWNrLXZvbS1CZXJnLTEuanBnIiwic2xpZGVzaG93IjoiYjdhZDFiNiJ9\" href=\"https:\/\/hotelderblauereiter.de\/wp-content\/uploads\/2022\/12\/BRK-Spenden-Schlager_L1190785Patrick-vom-Berg-1.jpg\"><figure class=\"swiper-slide-inner\"><img decoding=\"async\" class=\"swiper-slide-image\" src=\"https:\/\/hotelderblauereiter.de\/wp-content\/uploads\/elementor\/thumbs\/BRK-Spenden-Schlager_L1190785Patrick-vom-Berg-1-pyuub2ubh0r9g5dcybip6cl3krbg56apwkoeahy9gw.jpg\" alt=\"BRK Spenden Schlager_L1190785Patrick vom Berg\" \/><\/figure><\/a><\/div><div class=\"swiper-slide\" role=\"group\" aria-roledescription=\"slide\" aria-label=\"7 of 12\" data-no-translation-aria-label=\"\"><a data-elementor-open-lightbox=\"yes\" data-elementor-lightbox-slideshow=\"b7ad1b6\" data-elementor-lightbox-title=\"BRK Spenden Schlager_L1190794Patrick vom Berg\" data-e-action-hash=\"#elementor-action%3Aaction%3Dlightbox%26settings%3DeyJpZCI6MTM2MTIsInVybCI6Imh0dHBzOlwvXC9ob3RlbGRlcmJsYXVlcmVpdGVyLmRlXC93cC1jb250ZW50XC91cGxvYWRzXC8yMDIyXC8xMlwvQlJLLVNwZW5kZW4tU2NobGFnZXJfTDExOTA3OTRQYXRyaWNrLXZvbS1CZXJnLmpwZyIsInNsaWRlc2hvdyI6ImI3YWQxYjYifQ%3D%3D\" href=\"https:\/\/hotelderblauereiter.de\/wp-content\/uploads\/2022\/12\/BRK-Spenden-Schlager_L1190794Patrick-vom-Berg.jpg\"><figure class=\"swiper-slide-inner\"><img decoding=\"async\" class=\"swiper-slide-image\" src=\"https:\/\/hotelderblauereiter.de\/wp-content\/uploads\/elementor\/thumbs\/BRK-Spenden-Schlager_L1190794Patrick-vom-Berg-pyuub9f6sv09pf3svwd35sxbqgf0n20u9h8snfoi9c.jpg\" alt=\"BRK Spenden Schlager_L1190794Patrick vom Berg\" \/><\/figure><\/a><\/div><div class=\"swiper-slide\" role=\"group\" aria-roledescription=\"slide\" aria-label=\"8 of 12\" data-no-translation-aria-label=\"\"><a data-elementor-open-lightbox=\"yes\" data-elementor-lightbox-slideshow=\"b7ad1b6\" data-elementor-lightbox-title=\"BRK Spenden Schlager_L1190788Patrick vom Berg\" data-e-action-hash=\"#elementor-action%3Aaction%3Dlightbox%26settings%3DeyJpZCI6MTM2MTAsInVybCI6Imh0dHBzOlwvXC9ob3RlbGRlcmJsYXVlcmVpdGVyLmRlXC93cC1jb250ZW50XC91cGxvYWRzXC8yMDIyXC8xMlwvQlJLLVNwZW5kZW4tU2NobGFnZXJfTDExOTA3ODhQYXRyaWNrLXZvbS1CZXJnLmpwZyIsInNsaWRlc2hvdyI6ImI3YWQxYjYifQ%3D%3D\" href=\"https:\/\/hotelderblauereiter.de\/wp-content\/uploads\/2022\/12\/BRK-Spenden-Schlager_L1190788Patrick-vom-Berg.jpg\"><figure class=\"swiper-slide-inner\"><img decoding=\"async\" class=\"swiper-slide-image\" src=\"https:\/\/hotelderblauereiter.de\/wp-content\/uploads\/elementor\/thumbs\/BRK-Spenden-Schlager_L1190788Patrick-vom-Berg-pyuub5nu1iv4ez99huqkvtvhcwxjs9lwwymuqbu2y8.jpg\" alt=\"BRK Spenden Schlager_L1190788Patrick vom Berg\" \/><\/figure><\/a><\/div><div class=\"swiper-slide\" role=\"group\" aria-roledescription=\"slide\" aria-label=\"9 of 12\" data-no-translation-aria-label=\"\"><a data-elementor-open-lightbox=\"yes\" data-elementor-lightbox-slideshow=\"b7ad1b6\" data-elementor-lightbox-title=\"20221202_171626\" data-e-action-hash=\"#elementor-action%3Aaction%3Dlightbox%26settings%3DeyJpZCI6MTM2MDYsInVybCI6Imh0dHBzOlwvXC9ob3RlbGRlcmJsYXVlcmVpdGVyLmRlXC93cC1jb250ZW50XC91cGxvYWRzXC8yMDIyXC8xMlwvMjAyMjEyMDJfMTcxNjI2LmpwZyIsInNsaWRlc2hvdyI6ImI3YWQxYjYifQ%3D%3D\" href=\"https:\/\/hotelderblauereiter.de\/wp-content\/uploads\/2022\/12\/20221202_171626.jpg\"><figure class=\"swiper-slide-inner\"><img decoding=\"async\" class=\"swiper-slide-image\" src=\"https:\/\/hotelderblauereiter.de\/wp-content\/uploads\/elementor\/thumbs\/20221202_171626-pyuuaw9g56i96vmx0qob6w8vf27vnakljo3zxk80og.jpg\" alt=\"20221202_171626\" \/><\/figure><\/a><\/div><div class=\"swiper-slide\" role=\"group\" aria-roledescription=\"slide\" aria-label=\"10 of 12\" data-no-translation-aria-label=\"\"><a data-elementor-open-lightbox=\"yes\" data-elementor-lightbox-slideshow=\"b7ad1b6\" data-elementor-lightbox-title=\"BRK Spenden Schlager_L1190791Patrick vom Berg\" data-e-action-hash=\"#elementor-action%3Aaction%3Dlightbox%26settings%3DeyJpZCI6MTM2MTEsInVybCI6Imh0dHBzOlwvXC9ob3RlbGRlcmJsYXVlcmVpdGVyLmRlXC93cC1jb250ZW50XC91cGxvYWRzXC8yMDIyXC8xMlwvQlJLLVNwZW5kZW4tU2NobGFnZXJfTDExOTA3OTFQYXRyaWNrLXZvbS1CZXJnLmpwZyIsInNsaWRlc2hvdyI6ImI3YWQxYjYifQ%3D%3D\" href=\"https:\/\/hotelderblauereiter.de\/wp-content\/uploads\/2022\/12\/BRK-Spenden-Schlager_L1190791Patrick-vom-Berg.jpg\"><figure class=\"swiper-slide-inner\"><img decoding=\"async\" class=\"swiper-slide-image\" src=\"https:\/\/hotelderblauereiter.de\/wp-content\/uploads\/elementor\/thumbs\/BRK-Spenden-Schlager_L1190791Patrick-vom-Berg-pyuub7jif6xp276j6vju0teejooa7ntdl7xtovrals.jpg\" alt=\"BRK Spenden Schlager_L1190791Patrick vom Berg\" \/><\/figure><\/a><\/div><div class=\"swiper-slide\" role=\"group\" aria-roledescription=\"slide\" aria-label=\"11 of 12\" data-no-translation-aria-label=\"\"><a data-elementor-open-lightbox=\"yes\" data-elementor-lightbox-slideshow=\"b7ad1b6\" data-elementor-lightbox-title=\"BRK Spenden Schlager_L1190799Patrick vom Berg\" data-e-action-hash=\"#elementor-action%3Aaction%3Dlightbox%26settings%3DeyJpZCI6MTM2MTMsInVybCI6Imh0dHBzOlwvXC9ob3RlbGRlcmJsYXVlcmVpdGVyLmRlXC93cC1jb250ZW50XC91cGxvYWRzXC8yMDIyXC8xMlwvQlJLLVNwZW5kZW4tU2NobGFnZXJfTDExOTA3OTlQYXRyaWNrLXZvbS1CZXJnLmpwZyIsInNsaWRlc2hvdyI6ImI3YWQxYjYifQ%3D%3D\" href=\"https:\/\/hotelderblauereiter.de\/wp-content\/uploads\/2022\/12\/BRK-Spenden-Schlager_L1190799Patrick-vom-Berg.jpg\"><figure class=\"swiper-slide-inner\"><img decoding=\"async\" class=\"swiper-slide-image\" src=\"https:\/\/hotelderblauereiter.de\/wp-content\/uploads\/elementor\/thumbs\/BRK-Spenden-Schlager_L1190799Patrick-vom-Berg-pyuubc8pdd44o8zpffkyva7pim14a5c19v7939kbqo.jpg\" alt=\"BRK Spenden Schlager_L1190799Patrick vom Berg\" \/><\/figure><\/a><\/div><div class=\"swiper-slide\" role=\"group\" aria-roledescription=\"slide\" aria-label=\"12 of 12\" data-no-translation-aria-label=\"\"><a data-elementor-open-lightbox=\"yes\" data-elementor-lightbox-slideshow=\"b7ad1b6\" data-elementor-lightbox-title=\"BRK Spenden Schlager_L1190811Patrick vom Berg\" data-e-action-hash=\"#elementor-action%3Aaction%3Dlightbox%26settings%3DeyJpZCI6MTM2MTQsInVybCI6Imh0dHBzOlwvXC9ob3RlbGRlcmJsYXVlcmVpdGVyLmRlXC93cC1jb250ZW50XC91cGxvYWRzXC8yMDIyXC8xMlwvQlJLLVNwZW5kZW4tU2NobGFnZXJfTDExOTA4MTFQYXRyaWNrLXZvbS1CZXJnLmpwZyIsInNsaWRlc2hvdyI6ImI3YWQxYjYifQ%3D%3D\" href=\"https:\/\/hotelderblauereiter.de\/wp-content\/uploads\/2022\/12\/BRK-Spenden-Schlager_L1190811Patrick-vom-Berg.jpg\"><figure class=\"swiper-slide-inner\"><img decoding=\"async\" class=\"swiper-slide-image\" src=\"https:\/\/hotelderblauereiter.de\/wp-content\/uploads\/elementor\/thumbs\/BRK-Spenden-Schlager_L1190811Patrick-vom-Berg-pyuube4dr16pbgwz4ge809qmpdrupjjhy4i81thje8.jpg\" alt=\"BRK Spenden Schlager_L1190811Patrick vom Berg\" \/><\/figure><\/a><\/div>\t\t\t<\/div>\n\t\t\t\t\t\t\t\t\t\t\t\t<div class=\"elementor-swiper-button elementor-swiper-button-prev\" role=\"button\" tabindex=\"0\">\n\t\t\t\t\t\t<i aria-hidden=\"true\" class=\"eicon-chevron-left\"><\/i>\t\t\t\t\t<\/div>\n\t\t\t\t\t<div class=\"elementor-swiper-button elementor-swiper-button-next\" role=\"button\" tabindex=\"0\">\n\t\t\t\t\t\t<i aria-hidden=\"true\" class=\"eicon-chevron-right\"><\/i>\t\t\t\t\t<\/div>\n\t\t\t\t\n\t\t\t\t\t\t\t\t\t<\/div>\n\t\t\t\t\t\t<\/div>\n\t\t\t\t<\/div>\n\t\t\t\t\t<\/div>\n\t\t<\/div>\n\t\t\t\t\t<\/div>\n\t\t<\/section>\n\t\t\t\t<\/div>","protected":false},"excerpt":{"rendered":"<p>SPENDEN SCHLAGERABEND https:\/\/hotelderblauereiter.de\/wp-content\/uploads\/2022\/12\/BRK-Schlager-Abend-FARBE.mp4 Der Spenden Schlagerabend war eine legend\u00e4re Partynacht, welche wir so schnell nicht vergessen werden. Dank der gro\u00dfz\u00fcgigen Spenden unserer G\u00e4ste, konnten wir zudem ganz vielen Kindern eine gro\u00dfe Freude machen. Zur\u00fcck Weiter<\/p>","protected":false},"author":16,"featured_media":0,"parent":0,"menu_order":0,"comment_status":"closed","ping_status":"closed","template":"","meta":{"_seopress_robots_primary_cat":"","_seopress_titles_title":"","_seopress_titles_desc":"","_seopress_robots_index":"","site-sidebar-layout":"no-sidebar","site-content-layout":"page-builder","ast-site-content-layout":"default","site-content-style":"default","site-sidebar-style":"default","ast-global-header-display":"","ast-banner-title-visibility":"","ast-main-header-display":"","ast-hfb-above-header-display":"","ast-hfb-below-header-display":"","ast-hfb-mobile-header-display":"","site-post-title":"disabled","ast-breadcrumbs-content":"","ast-featured-img":"disabled","footer-sml-layout":"","ast-disable-related-posts":"","theme-transparent-header-meta":"","adv-header-id-meta":"","stick-header-meta":"","header-above-stick-meta":"","header-main-stick-meta":"","header-below-stick-meta":"","astra-migrate-meta-layouts":"default","ast-page-background-enabled":"default","ast-page-background-meta":{"desktop":{"background-color":"","background-image":"","background-repeat":"repeat","background-position":"center center","background-size":"auto","background-attachment":"scroll","background-type":"","background-media":"","overlay-type":"","overlay-color":"","overlay-opacity":"","overlay-gradient":""},"tablet":{"background-color":"","background-image":"","background-repeat":"repeat","background-position":"center center","background-size":"auto","background-attachment":"scroll","background-type":"","background-media":"","overlay-type":"","overlay-color":"","overlay-opacity":"","overlay-gradient":""},"mobile":{"background-color":"","background-image":"","background-repeat":"repeat","background-position":"center center","background-size":"auto","background-attachment":"scroll","background-type":"","background-media":"","overlay-type":"","overlay-color":"","overlay-opacity":"","overlay-gradient":""}},"ast-content-background-meta":{"desktop":{"background-color":"var(--ast-global-color-5)","background-image":"","background-repeat":"repeat","background-position":"center center","background-size":"auto","background-attachment":"scroll","background-type":"","background-media":"","overlay-type":"","overlay-color":"","overlay-opacity":"","overlay-gradient":""},"tablet":{"background-color":"var(--ast-global-color-5)","background-image":"","background-repeat":"repeat","background-position":"center center","background-size":"auto","background-attachment":"scroll","background-type":"","background-media":"","overlay-type":"","overlay-color":"","overlay-opacity":"","overlay-gradient":""},"mobile":{"background-color":"var(--ast-global-color-5)","background-image":"","background-repeat":"repeat","background-position":"center center","background-size":"auto","background-attachment":"scroll","background-type":"","background-media":"","overlay-type":"","overlay-color":"","overlay-opacity":"","overlay-gradient":""}},"footnotes":""},"class_list":["post-13602","page","type-page","status-publish","hentry"],"jetpack_sharing_enabled":true,"_links":{"self":[{"href":"https:\/\/hotelderblauereiter.de\/en\/wp-json\/wp\/v2\/pages\/13602","targetHints":{"allow":["GET"]}}],"collection":[{"href":"https:\/\/hotelderblauereiter.de\/en\/wp-json\/wp\/v2\/pages"}],"about":[{"href":"https:\/\/hotelderblauereiter.de\/en\/wp-json\/wp\/v2\/types\/page"}],"author":[{"embeddable":true,"href":"https:\/\/hotelderblauereiter.de\/en\/wp-json\/wp\/v2\/users\/16"}],"replies":[{"embeddable":true,"href":"https:\/\/hotelderblauereiter.de\/en\/wp-json\/wp\/v2\/comments?post=13602"}],"version-history":[{"count":8,"href":"https:\/\/hotelderblauereiter.de\/en\/wp-json\/wp\/v2\/pages\/13602\/revisions"}],"predecessor-version":[{"id":13697,"href":"https:\/\/hotelderblauereiter.de\/en\/wp-json\/wp\/v2\/pages\/13602\/revisions\/13697"}],"wp:attachment":[{"href":"https:\/\/hotelderblauereiter.de\/en\/wp-json\/wp\/v2\/media?parent=13602"}],"curies":[{"name":"wp","href":"https:\/\/api.w.org\/{rel}","templated":true}]}}